{"id":33,"date":"2024-11-20T13:53:09","date_gmt":"2024-11-20T13:53:09","guid":{"rendered":"http:\/\/localhost:50150\/?page_id=33"},"modified":"2024-12-22T08:19:38","modified_gmt":"2024-12-22T08:19:38","slug":"about","status":"publish","type":"page","link":"https:\/\/www.wlk-violins.com\/de\/about\/","title":{"rendered":"About"},"content":{"rendered":"\n<p>Bevor Dominik Josef Wlk seine Lehre an der Mittenwalder Geigenbauschule begann, hatte er bereits in der Tischlerei seiner Gro\u00dfeltern eigenh\u00e4ndig seine erste Geige gefertigt. Nach Praktika in renommierten Werkst\u00e4tten in ganz Europa sammelte er mehrere Jahre Erfahrung bei Geigenbau Erben in M\u00fcnchen. Schlie\u00dflich wurde Dominik zum Meister ausgezeichnet und erhielt daf\u00fcr von der deutschen Staatsregierung eine Goldmedaille.<\/p>\n\n\n\n<p>Von 2016 bis 2023 lebte und arbeitete Dominik in London, wo er als exklusiver Assistent von Stefan-Peter Greiner t\u00e4tig war. In dieser Zeit leitete er auch die traditionsreiche Werkstatt von W.E. Hill &amp; Sons.<\/p>\n\n\n\n<p>Seine Arbeit ist von der Sch\u00f6nheit der Natur inspiriert \u2013 ihren Formen, Farben und dem harmonischen Zusammenspiel der Elemente, zu denen er eine tief empfundene Verbindung hat. Zugleich l\u00e4sst er sich von den herausragendsten Beispielen der italienischen Geigenbaukunst leiten, die er im Verlauf seiner Karriere eingehend studieren durfte. Wie ein Bildhauer verfolgt er dabei einen k\u00fcnstlerischen Ansatz, der in seinem einzigartigen Modell und Stil Ausdruck findet, welcher stets von Neugier und einer unerm\u00fcdlichen Weiterentwicklung gepr\u00e4gt ist.<\/p>\n\n\n\n<p>Die Instrumente von Dominik Wlk sind weltweit f\u00fcr ihren au\u00dfergew\u00f6hnlichen Klang, ihre exzellente Spielbarkeit und die hohe k\u00fcnstlerische Qualit\u00e4t bekannt. Sie werden von Solisten, Mitgliedern f\u00fchrender Orchester und Sammlern gleicherma\u00dfen hochgesch\u00e4tzt.<\/p>\n","protected":false},"excerpt":{"rendered":"<p>Bevor Dominik Josef Wlk seine Lehre an der Mittenwalder Geigenbauschule begann, hatte er bereits in der Tischlerei seiner Gro\u00dfeltern eigenh\u00e4ndig seine erste Geige gefertigt. Nach Praktika in renommierten Werkst\u00e4tten in ganz Europa sammelte er mehrere Jahre Erfahrung bei Geigenbau Erben in M\u00fcnchen. Schlie\u00dflich wurde Dominik zum Meister ausgezeichnet und erhielt daf\u00fcr von der deutschen Staatsregierung [&hellip;]<\/p>\n","protected":false},"author":1,"featured_media":0,"parent":0,"menu_order":0,"comment_status":"closed","ping_status":"closed","template":"","meta":{"_acf_changed":false,"_trash_the_other_posts":false,"footnotes":""},"class_list":["post-33","page","type-page","status-publish","hentry"],"acf":[],"_links":{"self":[{"href":"https:\/\/www.wlk-violins.com\/de\/wp-json\/wp\/v2\/pages\/33","targetHints":{"allow":["GET"]}}],"collection":[{"href":"https:\/\/www.wlk-violins.com\/de\/wp-json\/wp\/v2\/pages"}],"about":[{"href":"https:\/\/www.wlk-violins.com\/de\/wp-json\/wp\/v2\/types\/page"}],"author":[{"embeddable":true,"href":"https:\/\/www.wlk-violins.com\/de\/wp-json\/wp\/v2\/users\/1"}],"replies":[{"embeddable":true,"href":"https:\/\/www.wlk-violins.com\/de\/wp-json\/wp\/v2\/comments?post=33"}],"version-history":[{"count":8,"href":"https:\/\/www.wlk-violins.com\/de\/wp-json\/wp\/v2\/pages\/33\/revisions"}],"predecessor-version":[{"id":270,"href":"https:\/\/www.wlk-violins.com\/de\/wp-json\/wp\/v2\/pages\/33\/revisions\/270"}],"wp:attachment":[{"href":"https:\/\/www.wlk-violins.com\/de\/wp-json\/wp\/v2\/media?parent=33"}],"curies":[{"name":"wp","href":"https:\/\/api.w.org\/{rel}","templated":true}]}}