{"id":29,"date":"2024-11-20T13:52:37","date_gmt":"2024-11-20T13:52:37","guid":{"rendered":"http:\/\/localhost:50150\/?page_id=29"},"modified":"2025-02-19T12:32:53","modified_gmt":"2025-02-19T12:32:53","slug":"work","status":"publish","type":"page","link":"https:\/\/www.wlk-violins.com\/de\/work\/","title":{"rendered":"Work"},"content":{"rendered":"<style>\n\t.wlk-columns p {\n\t\tdisplay: inline;\n\t}\n<\/style>\n<div class=\"wlk-columns grid grid-cols-1 md:grid-cols-2 md:gap-8\">\n\t<div class=\"hidden md:block\">\n\t\t<p>Dominik Josef Wlk fertigt seine Geigen, Bratschen und Celli nach seinem pers\u00f6nlichen, einzigartigen Modell. Obwohl das antikisierte \u00c4u\u00dfere den Eindruck von Kopien erwecken mag, ist jedes Instrument ein wahres Original,<\/p>\n\t<\/div>\n\t<div class=\"hidden md:block\">\n\t\t<p>das sich durch seinen einzigartigen Charakter, seine Erscheinung und seinen k\u00fcnstlerischen Wert auszeichnet. Auf dieser Seite finden Sie eine Auswahl an Beispielen, die sowohl seine fr\u00fcheren als auch j\u00fcngeren Werke im Geigenbau zeigen.<\/p>\n\t<\/div>\n\t<div class=\"block md:hidden\">\n\t\t<p>Dominik Josef Wlk fertigt seine Geigen, Bratschen und Celli nach seinem pers\u00f6nlichen, einzigartigen Modell. Obwohl das antikisierte \u00c4u\u00dfere den Eindruck von Kopien erwecken mag, ist jedes Instrument ein wahres Original,<\/p>\n <p>das sich durch seinen einzigartigen Charakter, seine Erscheinung und seinen k\u00fcnstlerischen Wert auszeichnet. Auf dieser Seite finden Sie eine Auswahl an Beispielen, die sowohl seine fr\u00fcheren als auch j\u00fcngeren Werke im Geigenbau zeigen.<\/p>\n\t<\/div>\n<\/div>\n","protected":false},"excerpt":{"rendered":"","protected":false},"author":1,"featured_media":0,"parent":0,"menu_order":0,"comment_status":"closed","ping_status":"closed","template":"","meta":{"_acf_changed":false,"_trash_the_other_posts":false,"footnotes":""},"class_list":["post-29","page","type-page","status-publish","hentry"],"acf":[],"_links":{"self":[{"href":"https:\/\/www.wlk-violins.com\/de\/wp-json\/wp\/v2\/pages\/29","targetHints":{"allow":["GET"]}}],"collection":[{"href":"https:\/\/www.wlk-violins.com\/de\/wp-json\/wp\/v2\/pages"}],"about":[{"href":"https:\/\/www.wlk-violins.com\/de\/wp-json\/wp\/v2\/types\/page"}],"author":[{"embeddable":true,"href":"https:\/\/www.wlk-violins.com\/de\/wp-json\/wp\/v2\/users\/1"}],"replies":[{"embeddable":true,"href":"https:\/\/www.wlk-violins.com\/de\/wp-json\/wp\/v2\/comments?post=29"}],"version-history":[{"count":15,"href":"https:\/\/www.wlk-violins.com\/de\/wp-json\/wp\/v2\/pages\/29\/revisions"}],"predecessor-version":[{"id":349,"href":"https:\/\/www.wlk-violins.com\/de\/wp-json\/wp\/v2\/pages\/29\/revisions\/349"}],"wp:attachment":[{"href":"https:\/\/www.wlk-violins.com\/de\/wp-json\/wp\/v2\/media?parent=29"}],"curies":[{"name":"wp","href":"https:\/\/api.w.org\/{rel}","templated":true}]}}