{"id":12,"date":"2024-02-17T12:36:10","date_gmt":"2024-02-17T12:36:10","guid":{"rendered":"http:\/\/localhost\/fivetwo\/byron\/wordpress\/?page_id=12"},"modified":"2025-02-19T12:36:51","modified_gmt":"2025-02-19T12:36:51","slug":"news","status":"publish","type":"page","link":"https:\/\/www.wlk-violins.com\/de\/news\/","title":{"rendered":"News"},"content":{"rendered":"<style>\n\t.wlk-columns p {\n\t\tdisplay: inline;\n\t}\n<\/style>\n<div class=\"wlk-columns grid grid-cols-1 md:grid-cols-2 md:gap-8\">\n\t<div class=\"hidden md:block\">\n\t\t<p>F\u00fcr Dominik Josef Wlk ist der Geigenbau nicht einfach nur eine T\u00e4tigkeit in der Werkstatt, bei der er sich in seiner Arbeit verliert. Um die klangliche und k\u00fcnstlerische Qualit\u00e4t seiner Instrumente st\u00e4ndig zu verbessern, sucht Dominik aktiv den direkten Kontakt zu Musikern und Kollegen.<\/p>\n\t<\/div>\n\t<div class=\"hidden md:block\">\n\t\t<p>In diesen Begegnungen findet er viel Inspiration und Motivation. Diese spornen ihn an immer neugierig zu bleiben, wenn er ein neues Instrument beginnt. Auf dieser Seite finden Sie eine Auswahl vergangener Veranstaltungen, Artikel und Interviews mit Dominik Wlk.<\/p>\n\t<\/div>\n\t<div class=\"block md:hidden\">\n\t\t<p>F\u00fcr Dominik Josef Wlk ist der Geigenbau nicht einfach nur eine T\u00e4tigkeit in der Werkstatt, bei der er sich in seiner Arbeit verliert. Um die klangliche und k\u00fcnstlerische Qualit\u00e4t seiner Instrumente st\u00e4ndig zu verbessern, sucht Dominik aktiv den direkten Kontakt zu Musikern und Kollegen.<\/p>\n <p>In diesen Begegnungen findet er viel Inspiration und Motivation. Diese spornen ihn an immer neugierig zu bleiben, wenn er ein neues Instrument beginnt. Auf dieser Seite finden Sie eine Auswahl vergangener Veranstaltungen, Artikel und Interviews mit Dominik Wlk.<\/p>\n\t<\/div>\n<\/div>\n","protected":false},"excerpt":{"rendered":"","protected":false},"author":1,"featured_media":0,"parent":0,"menu_order":0,"comment_status":"closed","ping_status":"closed","template":"","meta":{"_acf_changed":false,"_trash_the_other_posts":false,"footnotes":""},"class_list":["post-12","page","type-page","status-publish","hentry"],"acf":[],"_links":{"self":[{"href":"https:\/\/www.wlk-violins.com\/de\/wp-json\/wp\/v2\/pages\/12","targetHints":{"allow":["GET"]}}],"collection":[{"href":"https:\/\/www.wlk-violins.com\/de\/wp-json\/wp\/v2\/pages"}],"about":[{"href":"https:\/\/www.wlk-violins.com\/de\/wp-json\/wp\/v2\/types\/page"}],"author":[{"embeddable":true,"href":"https:\/\/www.wlk-violins.com\/de\/wp-json\/wp\/v2\/users\/1"}],"replies":[{"embeddable":true,"href":"https:\/\/www.wlk-violins.com\/de\/wp-json\/wp\/v2\/comments?post=12"}],"version-history":[{"count":3,"href":"https:\/\/www.wlk-violins.com\/de\/wp-json\/wp\/v2\/pages\/12\/revisions"}],"predecessor-version":[{"id":350,"href":"https:\/\/www.wlk-violins.com\/de\/wp-json\/wp\/v2\/pages\/12\/revisions\/350"}],"wp:attachment":[{"href":"https:\/\/www.wlk-violins.com\/de\/wp-json\/wp\/v2\/media?parent=12"}],"curies":[{"name":"wp","href":"https:\/\/api.w.org\/{rel}","templated":true}]}}